{"id":20,"date":"2017-12-05T20:20:28","date_gmt":"2017-12-05T20:20:28","guid":{"rendered":"http:\/\/rodafer.com\/rf\/?page_id=20"},"modified":"2026-02-24T14:38:15","modified_gmt":"2026-02-24T14:38:15","slug":"mangueras-hidraulicas-e-industriales-y-acopladas","status":"publish","type":"page","link":"https:\/\/rodafer.com\/rf\/productos\/mangueras-hidraulicas-e-industriales-y-acopladas\/","title":{"rendered":"Mangueras"},"content":{"rendered":"<p>&ensp;<\/p>\n<h1 style=\"text-align: center;\"><span style=\"color: #003366;\">MANGUERAS<\/span><\/h1>\n<p>En Rodafer tenemos un amplio surtido en mangueras de diferentes tipos:<\/p>\n<ul>\n<li>Hidr\u00e1ulicas&nbsp;<\/li>\n<li>Para qu\u00edmicos<\/li>\n<li>Grado alimenticio<\/li>\n<li>Acoples:\n<ul>\n<li>Hidr\u00e1ulicos<\/li>\n<li>OPW:\n<ul>\n<li>Hilos<\/li>\n<li>Grafada<\/li>\n<\/ul>\n<\/li>\n<\/ul>\n<\/li>\n<\/ul>\n<p><a href=\"https:\/\/rodafer.com\/rf\/wp-content\/uploads\/2026\/02\/mangueras-hidraulicas-acoples-opw-quimicos-alimentos-rodafer-scaled.jpg\"><img loading=\"lazy\" decoding=\"async\" class=\"alignnone wp-image-14513 size-full\" src=\"https:\/\/rodafer.com\/rf\/wp-content\/uploads\/2026\/02\/mangueras-hidraulicas-acoples-opw-quimicos-alimentos-rodafer-scaled.jpg\" alt=\"\" width=\"2560\" height=\"1701\" srcset=\"https:\/\/rodafer.com\/rf\/wp-content\/uploads\/2026\/02\/mangueras-hidraulicas-acoples-opw-quimicos-alimentos-rodafer-scaled.jpg 2560w, https:\/\/rodafer.com\/rf\/wp-content\/uploads\/2026\/02\/mangueras-hidraulicas-acoples-opw-quimicos-alimentos-rodafer-300x199.jpg 300w, https:\/\/rodafer.com\/rf\/wp-content\/uploads\/2026\/02\/mangueras-hidraulicas-acoples-opw-quimicos-alimentos-rodafer-1024x680.jpg 1024w, https:\/\/rodafer.com\/rf\/wp-content\/uploads\/2026\/02\/mangueras-hidraulicas-acoples-opw-quimicos-alimentos-rodafer-768x510.jpg 768w, https:\/\/rodafer.com\/rf\/wp-content\/uploads\/2026\/02\/mangueras-hidraulicas-acoples-opw-quimicos-alimentos-rodafer-1536x1020.jpg 1536w, https:\/\/rodafer.com\/rf\/wp-content\/uploads\/2026\/02\/mangueras-hidraulicas-acoples-opw-quimicos-alimentos-rodafer-2048x1360.jpg 2048w, https:\/\/rodafer.com\/rf\/wp-content\/uploads\/2026\/02\/mangueras-hidraulicas-acoples-opw-quimicos-alimentos-rodafer-113x75.jpg 113w, https:\/\/rodafer.com\/rf\/wp-content\/uploads\/2026\/02\/mangueras-hidraulicas-acoples-opw-quimicos-alimentos-rodafer-480x319.jpg 480w\" sizes=\"(max-width:767px) 480px, (max-width:2560px) 100vw, 2560px\" \/><\/a><\/p>\n<p>&nbsp;<\/p>\n","protected":false},"excerpt":{"rendered":"<p>&ensp; MANGUERAS En Rodafer tenemos un amplio surtido en mangueras de diferentes tipos: Hidr\u00e1ulicas&nbsp; Para qu\u00edmicos Grado alimenticio Acoples: Hidr\u00e1ulicos OPW: Hilos Grafada &nbsp;<\/p>\n","protected":false},"author":1,"featured_media":0,"parent":28,"menu_order":5,"comment_status":"closed","ping_status":"closed","template":"","meta":{"ngg_post_thumbnail":0,"footnotes":""},"aioseo_notices":[],"_links":{"self":[{"href":"https:\/\/rodafer.com\/rf\/wp-json\/wp\/v2\/pages\/20"}],"collection":[{"href":"https:\/\/rodafer.com\/rf\/wp-json\/wp\/v2\/pages"}],"about":[{"href":"https:\/\/rodafer.com\/rf\/wp-json\/wp\/v2\/types\/page"}],"author":[{"embeddable":true,"href":"https:\/\/rodafer.com\/rf\/wp-json\/wp\/v2\/users\/1"}],"replies":[{"embeddable":true,"href":"https:\/\/rodafer.com\/rf\/wp-json\/wp\/v2\/comments?post=20"}],"version-history":[{"count":6,"href":"https:\/\/rodafer.com\/rf\/wp-json\/wp\/v2\/pages\/20\/revisions"}],"predecessor-version":[{"id":14516,"href":"https:\/\/rodafer.com\/rf\/wp-json\/wp\/v2\/pages\/20\/revisions\/14516"}],"up":[{"embeddable":true,"href":"https:\/\/rodafer.com\/rf\/wp-json\/wp\/v2\/pages\/28"}],"wp:attachment":[{"href":"https:\/\/rodafer.com\/rf\/wp-json\/wp\/v2\/media?parent=20"}],"curies":[{"name":"wp","href":"https:\/\/api.w.org\/{rel}","templated":true}]}}